
{"id":9746,"date":"2021-11-29T16:18:47","date_gmt":"2021-11-29T14:18:47","guid":{"rendered":"https:\/\/www.confitdeprovence.fr\/our-team\/"},"modified":"2025-01-30T10:41:18","modified_gmt":"2025-01-30T08:41:18","slug":"our-team","status":"publish","type":"page","link":"https:\/\/www.confitdeprovence.fr\/en\/our-team\/","title":{"rendered":"Our team"},"content":{"rendered":"<p>[vc_row][vc_column][vc_single_image image=&#8221;7692&#8243; alignment=&#8221;center&#8221; css_animation=&#8221;left-to-right&#8221; el_class=&#8221;content-image-bottom&#8221; css=&#8221;.vc_custom_1659422843131{margin-bottom: 0px !important;}&#8221;]<div id=\"ultimate-heading-435569f5157b3fda9\" class=\"uvc-heading ult-adjust-bottom-margin ultimate-heading-435569f5157b3fda9 uvc-921 \" data-hspacer=\"no_spacer\"  data-halign=\"center\" style=\"text-align:center\"><div class=\"uvc-heading-spacer no_spacer\" style=\"top\"><\/div><div class=\"uvc-main-heading ult-responsive\"  data-ultimate-target='.uvc-heading.ultimate-heading-435569f5157b3fda9 h2'  data-responsive-json-new='{\"font-size\":\"desktop:55px;tablet_portrait:40px;mobile_landscape:25px;mobile:25px;\",\"line-height\":\"desktop:72px;tablet_portrait:46px;\"}' ><h2 style=\"font-family:&#039;Montserrat&#039;;font-weight:bold;color:#353535;\">Confit de Provence<\/h2><\/div><\/div><div id=\"ultimate-heading-674469f5157b3fe0f\" class=\"uvc-heading ult-adjust-bottom-margin ultimate-heading-674469f5157b3fe0f uvc-2827 \" data-hspacer=\"no_spacer\"  data-halign=\"center\" style=\"text-align:center\"><div class=\"uvc-heading-spacer no_spacer\" style=\"top\"><\/div><div class=\"uvc-main-heading ult-responsive\"  data-ultimate-target='.uvc-heading.ultimate-heading-674469f5157b3fe0f h2'  data-responsive-json-new='{\"font-size\":\"desktop:40px;tablet_portrait:40px;mobile_landscape:21px;mobile:21px;\",\"line-height\":\"desktop:50px;tablet_portrait:46px;\"}' ><h2 style=\"font-family:&#039;Montserrat&#039;;font-weight:bold;color:#353535;\">A company proud of its values and its commitment to Organic &amp; Dietetics<\/h2><\/div><\/div><div id=\"ultimate-heading-818269f5157b3fe58\" class=\"uvc-heading ult-adjust-bottom-margin ultimate-heading-818269f5157b3fe58 uvc-5002 \" data-hspacer=\"no_spacer\"  data-halign=\"center\" style=\"text-align:center\"><div class=\"uvc-heading-spacer no_spacer\" style=\"top\"><\/div><div class=\"uvc-main-heading ult-responsive\"  data-ultimate-target='.uvc-heading.ultimate-heading-818269f5157b3fe58 h1'  data-responsive-json-new='{\"font-size\":\"desktop:40px;tablet_portrait:40px;mobile_landscape:21px;mobile:21px;\",\"line-height\":\"desktop:50px;tablet_portrait:46px;\"}' ><h1 style=\"font-family:&#039;Montserrat&#039;;font-weight:bold;color:#e89200;margin-top:20px;\">Our team<\/h1><\/div><\/div><div id=\"ultimate-heading-159769f5157b3fe99\" class=\"uvc-heading ult-adjust-bottom-margin ultimate-heading-159769f5157b3fe99 uvc-771 \" data-hspacer=\"no_spacer\"  data-halign=\"center\" style=\"text-align:center\"><div class=\"uvc-heading-spacer no_spacer\" style=\"top\"><\/div><div class=\"uvc-main-heading ult-responsive\"  data-ultimate-target='.uvc-heading.ultimate-heading-159769f5157b3fe99 h3'  data-responsive-json-new='{\"font-size\":\"desktop:25px;tablet_portrait:40px;mobile_landscape:18px;mobile:18px;\",\"line-height\":\"desktop:35px;tablet_portrait:46px;\"}' ><h3 style=\"font-family:&#039;Montserrat&#039;;font-weight:normal;color:#353535;margin-top:30px;margin-bottom:50px;\">All our recipes are concocted by Laurent, our Master Jam Maker, and are natural and authentic, with no added artificial flavours, preservatives or colouring. They are cooked in a cauldron using a traditional method. Each step of the manufacturing process is rigorously controlled. Our company is ISO 22000 certified, an official guarantee of food safety.<\/h3><\/div><\/div>[vc_single_image image=&#8221;7688&#8243; img_size=&#8221;full&#8221; alignment=&#8221;center&#8221; style=&#8221;vc_box_rounded&#8221;]<div id=\"ultimate-heading-84269f5157b3fed8\" class=\"uvc-heading ult-adjust-bottom-margin ultimate-heading-84269f5157b3fed8 uvc-3633 \" data-hspacer=\"no_spacer\"  data-halign=\"center\" style=\"text-align:center\"><div class=\"uvc-heading-spacer no_spacer\" style=\"top\"><\/div><div class=\"uvc-main-heading ult-responsive\"  data-ultimate-target='.uvc-heading.ultimate-heading-84269f5157b3fed8 h3'  data-responsive-json-new='{\"font-size\":\"desktop:25px;tablet_portrait:40px;mobile_landscape:18px;mobile:18px;\",\"line-height\":\"desktop:35px;tablet_portrait:46px;\"}' ><h3 style=\"font-family:&#039;Montserrat&#039;;font-weight:normal;color:#353535;margin-top:30px;margin-bottom:50px;\">Today, Pascal Lepoutre, the founder\u2019s son, perpetuates this incredible expertise alongside a team of 27 passionate employees. We\u2019re all proud to offer you our delicious range of healthy, authentic jams concocted in Provence, in a range of brands to suit everyone\u2019s tastes and habits.<\/h3><\/div><\/div>[vc_images_carousel images=&#8221;7686&#8243; img_size=&#8221;full&#8221; onclick=&#8221;link_no&#8221; autoplay=&#8221;yes&#8221; hide_pagination_control=&#8221;yes&#8221; wrap=&#8221;yes&#8221;]<div id=\"ultimate-heading-558269f5157b3ff16\" class=\"uvc-heading ult-adjust-bottom-margin ultimate-heading-558269f5157b3ff16 uvc-7683 \" data-hspacer=\"no_spacer\"  data-halign=\"center\" style=\"text-align:center\"><div class=\"uvc-heading-spacer no_spacer\" style=\"top\"><\/div><div class=\"uvc-main-heading ult-responsive\"  data-ultimate-target='.uvc-heading.ultimate-heading-558269f5157b3ff16 h3'  data-responsive-json-new='{\"font-size\":\"desktop:60px;tablet_portrait:40px;\",\"line-height\":\"desktop:72px;tablet_portrait:46px;\"}' ><h3 style=\"font-family:&#039;Montserrat&#039;;font-weight:bold;color:#353535;\">Our team members!<\/h3><\/div><\/div><div class=\"testimonial-carousel  \">    \n      <div class=\"testimonial-item\">\n         \n          <h4 style=\"color:#5c5c5c\">Sebastien REGIS &#8211; Directeur Marketing<\/h4>\n                    <p style=\"color:#828181\"><span style=\"color: #e18a1d;\"><strong>Son produit pr\u00e9f\u00e9r\u00e9 : Mirabelle de Lorraine - Confit de Provence<\/strong><\/span><\/p>\n              <\/div>\n\n        \n      <div class=\"testimonial-item\">\n                  <div class=\"testimonial-figure test\" style=\"background: url(https:\/\/www.confitdeprovence.fr\/wp-content\/uploads\/2021\/11\/telechargement-150x150.jpg)\"><\/div>\n         \n          <h4 style=\"color:#5c5c5c\">Jos\u00e9phine CAMPA\u00d1A &#8211; Responsable Export<\/h4>\n                    <p style=\"color:#828181\"><span style=\"color: #ff9900;\"><strong><a style=\"color: #ff9900;\" href=\"https:\/\/www.confitdeprovence.fr\/product\/abricot-confiture-bio-100-issue-de-fruits\/\">Son produit pr\u00e9f\u00e9r\u00e9 : Abricot 100% issue de fruits - Confit de Provence<\/a><\/strong><\/span><\/p>\n              <\/div>\n\n        \n      <div class=\"testimonial-item\">\n                  <div class=\"testimonial-figure test\" style=\"background: url(https:\/\/www.confitdeprovence.fr\/wp-content\/uploads\/2016\/08\/pascal-150x150.jpg)\"><\/div>\n         \n          <h4 style=\"color:#5c5c5c\">Pascal LEPOUTRE &#8211; Directeur G\u00e9n\u00e9ral<\/h4>\n                    <p style=\"color:#828181\"><span style=\"color: #e18a1d;\"><strong><a style=\"color: #e18a1d;\" href=\"https:\/\/www.confitdeprovence.fr\/product\/orange-amere-marmelade-bio-extra\/\">Son produit pr\u00e9f\u00e9r\u00e9 : Marmelade d'Orange Am\u00e8re - Confit de Provence<\/a><\/strong><\/span><\/p>\n              <\/div>\n\n        \n      <div class=\"testimonial-item\">\n         \n          <h4 style=\"color:#5c5c5c\">Mat\u00e9y RIVET et Justine NGUYEN &#8211; Charg\u00e9s de Communication &#038; Graphisme<\/h4>\n                    <p style=\"color:#828181\"><span style=\"color: #d97721;\"><strong>Leur produit pr\u00e9f\u00e9r\u00e9 : 65% Fraise Frambois\u00e9e - Vergers des Alpilles<\/strong><\/span><\/p>\n              <\/div>\n\n        \n      <div class=\"testimonial-item\">\n         \n          <h4 style=\"color:#5c5c5c\">Olivier BRUN &#8211; Responsable Usine<\/h4>\n                    <p style=\"color:#828181\"><span style=\"color: #984b2d;\"><strong>Son produit pr\u00e9f\u00e9r\u00e9 : 65% P\u00eache \/ P\u00eache de vigne - Vergers des Alpilles<\/strong><\/span><\/p>\n              <\/div>\n\n    <\/div>[\/vc_column][\/vc_row][vc_row el_class=&#8221;full-text-row-v1 demo2-sec3-about&#8221;][vc_column width=&#8221;2\/3&#8243; el_class=&#8221;buy-veggie-market-title&#8221;][vc_custom_heading text=&#8221;Discover <b>our jams<\/b>&#8221; font_container=&#8221;tag:h3|text_align:left|color:%23ffffff&#8221; use_theme_fonts=&#8221;yes&#8221;][\/vc_column][vc_column width=&#8221;1\/3&#8243; el_class=&#8221;buy-veggie-market-btn&#8221;]<div class=\" ubtn-ctn-center \"><a class=\"ubtn-link ult-adjust-bottom-margin ubtn-center ubtn-large \" href=\"https:\/\/www.confitdeprovence.fr\/nos-marques-confiture\/\" title=\"Nos Marques\" ><button type=\"button\" id=\"ubtn-1822\"  class=\"ubtn ult-adjust-bottom-margin ult-responsive ubtn-large ubtn-top-bg  none  ubtn-center   tooltip-69f5157b40cc1\"  data-hover=\"#ffffff\" data-border-color=\"\" data-bg=\"#ffffff\" data-hover-bg=\"#ff7f00\" data-border-hover=\"\" data-shadow-hover=\"\" data-shadow-click=\"none\" data-shadow=\"\" data-shd-shadow=\"\"  data-ultimate-target='#ubtn-1822'  data-responsive-json-new='{\"font-size\":\"tablet_portrait:16px;\",\"line-height\":\"\"}'  style=\"font-weight:normal;border:none;background: #ffffff;color: #ff6e00;\"><span class=\"ubtn-hover\" style=\"background-color:#ff7f00\"><\/span><span class=\"ubtn-data ubtn-text \" >See our products<\/span><\/button><\/a><\/div>[\/vc_column][\/vc_row][vc_row content_placement=&#8221;top&#8221; el_class=&#8221;pad-top-small demo2-sec4&#8243;][vc_column width=&#8221;1\/2&#8243;][vc_single_image image=&#8221;10763&#8243; img_size=&#8221;full&#8221; alignment=&#8221;center&#8221; css=&#8221;.vc_custom_1738226241355{margin-top: -25px !important;}&#8221;][\/vc_column][vc_column width=&#8221;1\/2&#8243; el_class=&#8221;buy-veggie-market-btn&#8221;][vc_cta h2=&#8221;Contact us&#8221; h2_font_container=&#8221;color:%23353535|line_height:1.1&#8243; h2_google_fonts=&#8221;font_family:Montserrat%3Aregular%2C700|font_style:700%20bold%20regular%3A700%3Anormal&#8221; h4=&#8221;Need help?&#8221; h4_font_container=&#8221;font_size:30|color:%23353535|line_height:1.1&#8243; h4_google_fonts=&#8221;font_family:Montserrat%3Aregular%2C700|font_style:400%20regular%3A400%3Anormal&#8221; style=&#8221;flat&#8221; color=&#8221;white&#8221; use_custom_fonts_h2=&#8221;true&#8221; use_custom_fonts_h4=&#8221;true&#8221; el_class=&#8221;custom-page-title&#8221;]Do you need any information or help? Fill in this form and click on send. We\u2019ll get back to you with a personalised reply you as soon as possible.<\/p>\n<div class=\"wpcf7 no-js\" id=\"wpcf7-f8897-o1\" lang=\"en-US\" dir=\"ltr\" data-wpcf7-id=\"8897\">\n<div class=\"screen-reader-response\"><p role=\"status\" aria-live=\"polite\" aria-atomic=\"true\"><\/p> <ul><\/ul><\/div>\n<form action=\"\/en\/wp-json\/wp\/v2\/pages\/9746#wpcf7-f8897-o1\" method=\"post\" class=\"wpcf7-form init b6c45897f6f9 cmatic-disconn cmatic-aud-0 cmatic-mapd0-0 cmatic-v0978 cmatic-sent-0 cmatic-total-0\" aria-label=\"Contact form\" enctype=\"multipart\/form-data\" novalidate=\"novalidate\" data-status=\"init\">\n<fieldset class=\"hidden-fields-container\"><input type=\"hidden\" name=\"_wpcf7\" value=\"8897\" \/><input type=\"hidden\" name=\"_wpcf7_version\" value=\"6.1.5\" \/><input type=\"hidden\" name=\"_wpcf7_locale\" value=\"en_US\" \/><input type=\"hidden\" name=\"_wpcf7_unit_tag\" value=\"wpcf7-f8897-o1\" \/><input type=\"hidden\" name=\"_wpcf7_container_post\" value=\"0\" \/><input type=\"hidden\" name=\"_wpcf7_posted_data_hash\" value=\"\" \/><input type=\"hidden\" name=\"_wpcf7_recaptcha_response\" value=\"\" \/>\n<\/fieldset>\n<div class=\"pad-top-large about-contact\">\n\t<div class=\"row\">\n\t\t<div class=\"col-md-6 form-group\">\n\t\t\t<p><span class=\"wpcf7-form-control-wrap\" data-name=\"your-name\"><input size=\"40\" maxlength=\"400\" class=\"wpcf7-form-control wpcf7-text wpcf7-validates-as-required form-control input-lg\" aria-required=\"true\" aria-invalid=\"false\" placeholder=\"Name\" value=\"\" type=\"text\" name=\"your-name\" \/><\/span>\n\t\t\t<\/p>\n\t\t<\/div>\n\t\t<div class=\"col-md-6 form-group\">\n\t\t\t<p><span class=\"wpcf7-form-control-wrap\" data-name=\"your-email\"><input size=\"40\" maxlength=\"400\" class=\"wpcf7-form-control wpcf7-email wpcf7-validates-as-required wpcf7-text wpcf7-validates-as-email form-control input-lg\" aria-required=\"true\" aria-invalid=\"false\" placeholder=\"Email\" value=\"\" type=\"email\" name=\"your-email\" \/><\/span>\n\t\t\t<\/p>\n\t\t<\/div>\n\t<\/div>\n\t<div class=\"row\">\n\t\t<div class=\"form-group col-md-6\">\n\t\t\t<p>Type :<br \/>\n<span class=\"wpcf7-form-control-wrap\" data-name=\"class:form-control\"><select class=\"wpcf7-form-control wpcf7-select wpcf7-validates-as-required input-lg\" aria-required=\"true\" aria-invalid=\"false\" name=\"class:form-control\"><option value=\"Individual\">Individual<\/option><option value=\"Professional\">Professional<\/option><\/select><\/span>\n\t\t\t<\/p>\n\t\t<\/div>\n\t\t<div class=\"form-group col-md-6\">\n\t\t\t<p>Attachment (PDF, PNG, JPG, JPEG ou DOCX) :<br \/>\n<span class=\"wpcf7-form-control-wrap\" data-name=\"file-780\"><input size=\"40\" class=\"wpcf7-form-control wpcf7-file\" accept=\".pdf,.docx,.jpg,.png,.jpeg\" aria-invalid=\"false\" type=\"file\" name=\"file-780\" \/><\/span>\n\t\t\t<\/p>\n\t\t<\/div>\n\t<\/div>\n\t<div class=\"row\">\n\t\t<div class=\"form-group col-md-6\">\n\t\t\t<p><span class=\"wpcf7-form-control-wrap\" data-name=\"subject\"><input size=\"40\" maxlength=\"400\" class=\"wpcf7-form-control wpcf7-text form-control input-lg\" aria-invalid=\"false\" placeholder=\"Subject\" value=\"\" type=\"text\" name=\"subject\" \/><\/span>\n\t\t\t<\/p>\n\t\t<\/div>\n\t\t<div class=\"form-group col-md-6\">\n\t\t\t<p><span class=\"wpcf7-form-control-wrap\" data-name=\"phone\"><input size=\"40\" maxlength=\"400\" class=\"wpcf7-form-control wpcf7-text form-control input-lg\" aria-invalid=\"false\" placeholder=\"Phone\" value=\"\" type=\"text\" name=\"phone\" \/><\/span>\n\t\t\t<\/p>\n\t\t<\/div>\n\t<\/div>\n\t<div class=\"form-group\">\n\t\t<p><span class=\"wpcf7-form-control-wrap\" data-name=\"your-message\"><textarea cols=\"40\" rows=\"10\" maxlength=\"2000\" class=\"wpcf7-form-control wpcf7-textarea form-control input-lg\" aria-invalid=\"false\" placeholder=\"Message\" name=\"your-message\"><\/textarea><\/span>\n\t\t<\/p>\n\t<\/div>\n\t<div class=\"form-group text-center btn-wrap\">\n\t\t<p><input class=\"wpcf7-form-control wpcf7-submit has-spinner btn btn-lg btn-primary btn-contact hvr-shutter-out-vertical\" type=\"submit\" value=\"Send\" \/>\n\t\t<\/p>\n\t<\/div>\n\t<div>\n\t<\/div>\n<\/div><div class=\"wpcf7-response-output\" aria-hidden=\"true\"><\/div>\n<\/form>\n<\/div>\n[\/vc_cta][\/vc_column][\/vc_row][vc_row full_width=&#8221;stretch_row_content&#8221;][vc_column][vc_column_text]\r\n            \r\n            \r\n            \r\n            <a name='map6'><\/a>\r\n            \r\n            \r\n            \r\n            \r\n            <div class=\"wpgmza_map \"  id=\"wpgmza_map_6\" style=\"display:block; overflow:auto; width:100%; height:400px; float:left;\" data-settings='{\"id\":\"6\",\"map_title\":\"Enregistrer la carte\",\"map_width\":\"100\",\"map_height\":\"400\",\"map_start_lat\":\"44.68428163575024\",\"map_start_lng\":\"3.8617086187499927\",\"map_start_location\":\"45.950464398418106,-109.81550500000003\",\"map_start_zoom\":\"7\",\"default_marker\":\"\",\"type\":\"1\",\"alignment\":\"4\",\"directions_enabled\":\"0\",\"styling_enabled\":\"0\",\"styling_json\":\"\",\"active\":\"0\",\"kml\":\"\",\"bicycle\":\"0\",\"traffic\":\"0\",\"dbox\":\"1\",\"dbox_width\":\"\",\"listmarkers\":\"0\",\"listmarkers_advanced\":\"0\",\"filterbycat\":\"0\",\"ugm_enabled\":\"0\",\"ugm_category_enabled\":\"0\",\"fusion\":\"\",\"map_width_type\":\"%\",\"map_height_type\":\"px\",\"mass_marker_support\":\"0\",\"ugm_access\":\"0\",\"order_markers_by\":\"1\",\"order_markers_choice\":\"1\",\"show_user_location\":\"0\",\"default_to\":\"\",\"other_settings\":{\"map_type\":1,\"sl_stroke_color\":\"#ff0000\",\"sl_fill_color\":\"#ff0000\",\"sl_stroke_opacity\":\"1\",\"sl_fill_opacity\":\"0.5\",\"transport_layer\":false,\"action\":\"wpgmza_save_map\",\"redirect_to\":\"\\\/wp-admin\\\/admin-post.php\",\"map_id\":\"6\",\"http_referer\":\"\\\/wp-admin\\\/admin.php?page=wp-google-maps-menu&amp;amp;action=edit&amp;amp;map_id=6\",\"wpgmza_id\":\"6\",\"wpgmza_start_location\":\"44.68428163575024,3.8617086187499927\",\"wpgmza_start_zoom\":\"7\",\"wpgmza_theme_data\":\"[{\\\"featureType\\\":\\\"administrative.locality\\\",\\\"elementType\\\":\\\"all\\\",\\\"stylers\\\":[{\\\"hue\\\":\\\"#2c2e33\\\"},{\\\"saturation\\\":7},{\\\"lightness\\\":19},{\\\"visibility\\\":\\\"on\\\"}]},{\\\"featureType\\\":\\\"landscape\\\",\\\"elementType\\\":\\\"all\\\",\\\"stylers\\\":[{\\\"hue\\\":\\\"#ffffff\\\"},{\\\"saturation\\\":-100},{\\\"lightness\\\":100},{\\\"visibility\\\":\\\"simplified\\\"}]},{\\\"featureType\\\":\\\"poi\\\",\\\"elementType\\\":\\\"all\\\",\\\"stylers\\\":[{\\\"hue\\\":\\\"#ffffff\\\"},{\\\"saturation\\\":-100},{\\\"lightness\\\":100},{\\\"visibility\\\":\\\"off\\\"}]},{\\\"featureType\\\":\\\"road\\\",\\\"elementType\\\":\\\"geometry\\\",\\\"stylers\\\":[{\\\"hue\\\":\\\"#bbc0c4\\\"},{\\\"saturation\\\":-93},{\\\"lightness\\\":31},{\\\"visibility\\\":\\\"simplified\\\"}]},{\\\"featureType\\\":\\\"road\\\",\\\"elementType\\\":\\\"labels\\\",\\\"stylers\\\":[{\\\"hue\\\":\\\"#bbc0c4\\\"},{\\\"saturation\\\":-93},{\\\"lightness\\\":31},{\\\"visibility\\\":\\\"on\\\"}]},{\\\"featureType\\\":\\\"road.arterial\\\",\\\"elementType\\\":\\\"labels\\\",\\\"stylers\\\":[{\\\"hue\\\":\\\"#bbc0c4\\\"},{\\\"saturation\\\":-93},{\\\"lightness\\\":-2},{\\\"visibility\\\":\\\"simplified\\\"}]},{\\\"featureType\\\":\\\"road.local\\\",\\\"elementType\\\":\\\"geometry\\\",\\\"stylers\\\":[{\\\"hue\\\":\\\"#e9ebed\\\"},{\\\"saturation\\\":-90},{\\\"lightness\\\":-8},{\\\"visibility\\\":\\\"simplified\\\"}]},{\\\"featureType\\\":\\\"transit\\\",\\\"elementType\\\":\\\"all\\\",\\\"stylers\\\":[{\\\"hue\\\":\\\"#e9ebed\\\"},{\\\"saturation\\\":10},{\\\"lightness\\\":69},{\\\"visibility\\\":\\\"on\\\"}]},{\\\"featureType\\\":\\\"water\\\",\\\"elementType\\\":\\\"all\\\",\\\"stylers\\\":[{\\\"hue\\\":\\\"#e9ebed\\\"},{\\\"saturation\\\":-78},{\\\"lightness\\\":67},{\\\"visibility\\\":\\\"simplified\\\"}]}]\",\"wpgmza_dbox_width_type\":\"%\",\"default_from\":\"\",\"directions_behaviour\":\"default\",\"force_google_directions_app\":false,\"directions_route_origin_icon\":\"https:\\\/\\\/www.confitdeprovence.fr\\\/wp-content\\\/plugins\\\/wp-google-maps\\\/images\\\/spotlight-poi2.png\",\"directions_origin_retina\":false,\"directions_route_destination_icon\":\"https:\\\/\\\/www.confitdeprovence.fr\\\/wp-content\\\/plugins\\\/wp-google-maps\\\/images\\\/spotlight-poi2.png\",\"directions_destination_retina\":false,\"directions_route_stroke_color\":\"#4f8df5\",\"directions_route_stroke_weight\":\"4\",\"directions_route_stroke_opacity\":\"0.8\",\"directions_fit_bounds_to_route\":false,\"store_locator_enabled\":false,\"store_locator_search_area\":\"radial\",\"wpgmza_store_locator_radius_style\":\"legacy\",\"wpgmza_store_locator_default_radius\":\"10\",\"store_locator_auto_area_max_zoom\":\"\",\"wpgmza_store_locator_restrict\":\"\",\"store_locator_distance\":false,\"wpgmza_store_locator_position\":false,\"store_locator_show_distance\":false,\"store_locator_category\":false,\"wpgmza_store_locator_use_their_location\":false,\"wpgmza_store_locator_bounce\":false,\"upload_default_sl_marker\":\"\",\"upload_default_sl_marker_retina\":false,\"wpgmza_sl_animation\":\"0\",\"wpgmza_store_locator_hide_before_search\":false,\"store_locator_query_string\":\"\",\"store_locator_default_address\":\"\",\"store_locator_name_search\":false,\"store_locator_name_string\":\"\",\"store_locator_not_found_message\":\"\",\"retina\":false,\"wpgmza_map_align\":\"1\",\"upload_default_ul_marker\":\"\",\"upload_default_ul_marker_retina\":false,\"jump_to_nearest_marker_on_initialization\":false,\"automatically_pan_to_users_location\":false,\"override_users_location_zoom_level\":false,\"override_users_location_zoom_levels\":\"\",\"show_distance_from_location\":false,\"map_max_zoom\":\"21\",\"map_min_zoom\":\"0\",\"click_open_link\":false,\"fit_maps_bounds_to_markers\":false,\"fit_maps_bounds_to_markers_after_filtering\":false,\"hide_point_of_interest\":false,\"wpgmza_zoom_on_marker_click\":false,\"wpgmza_zoom_on_marker_click_slider\":\"\",\"close_infowindow_on_map_click\":false,\"disable_lightbox_images\":false,\"use_Raw_Jpeg_Coordinates\":false,\"polygon_labels\":false,\"disable_polygon_info_windows\":false,\"enable_advanced_custom_fields_integration\":false,\"enable_toolset_woocommerce_integration\":false,\"only_load_markers_within_viewport\":false,\"iw_primary_color\":\"\",\"iw_accent_color\":\"\",\"iw_text_color\":\"\",\"wpgmza_listmarkers_by\":\"0\",\"wpgmza_marker_listing_position\":false,\"wpgmza_push_in_map\":false,\"wpgmza_push_in_map_placement\":\"1\",\"wpgmza_push_in_map_width\":\"\",\"wpgmza_push_in_map_height\":\"\",\"zoom_level_on_marker_listing_override\":false,\"zoom_level_on_marker_listing_click\":\"\",\"datatable_no_result_message\":\"\",\"remove_search_box_datables\":false,\"dataTable_pagination_style\":\"default\",\"datatable_search_string\":\"\",\"datatable_result_start\":\"\",\"datatable_result_of\":\"\",\"datatable_result_to\":\"\",\"datatable_result_total\":\"\",\"datatable_result_show\":\"\",\"datatable_result_entries\":\"\",\"wpgmza_savemap\":\"Enregistrer la carte \\u00bb\",\"wpgmza_theme\":\"7\",\"shortcodeAttributes\":{\"id\":\"6\"}}}' data-map-id='6' data-shortcode-attributes='{\"id\":\"6\"}'> <\/div>\r\n            \r\n               \r\n        [\/vc_column_text][\/vc_column][\/vc_row][vc_row][vc_column][\/vc_column][\/vc_row]<\/p>\n","protected":false},"excerpt":{"rendered":"<p>[vc_row][vc_column][vc_single_image image=&#8221;7692&#8243; alignment=&#8221;center&#8221; css_animation=&#8221;left-to-right&#8221; el_class=&#8221;content-image-bottom&#8221; css=&#8221;.vc_custom_1659422843131{margin-bottom: 0px !important;}&#8221;][vc_single_image image=&#8221;7688&#8243; img_size=&#8221;full&#8221; alignment=&#8221;center&#8221; style=&#8221;vc_box_rounded&#8221;][vc_images_carousel images=&#8221;7686&#8243; img_size=&#8221;full&#8221; onclick=&#8221;link_no&#8221; autoplay=&#8221;yes&#8221; hide_pagination_control=&#8221;yes&#8221; wrap=&#8221;yes&#8221;][\/vc_column][\/vc_row][vc_row el_class=&#8221;full-text-row-v1 demo2-sec3-about&#8221;][vc_column width=&#8221;2\/3&#8243; el_class=&#8221;buy-veggie-market-title&#8221;][vc_custom_heading text=&#8221;Discover our jams&#8221; font_container=&#8221;tag:h3|text_align:left|color:%23ffffff&#8221; use_theme_fonts=&#8221;yes&#8221;][\/vc_column][vc_column width=&#8221;1\/3&#8243; el_class=&#8221;buy-veggie-market-btn&#8221;][\/vc_column][\/vc_row][vc_row content_placement=&#8221;top&#8221; el_class=&#8221;pad-top-small demo2-sec4&#8243;][vc_column width=&#8221;1\/2&#8243;][vc_single_image image=&#8221;10763&#8243; img_size=&#8221;full&#8221; alignment=&#8221;center&#8221; css=&#8221;.vc_custom_1738226241355{margin-top: -25px !important;}&#8221;][\/vc_column][vc_column width=&#8221;1\/2&#8243; el_class=&#8221;buy-veggie-market-btn&#8221;][vc_cta h2=&#8221;Contact us&#8221; h2_font_container=&#8221;color:%23353535|line_height:1.1&#8243; h2_google_fonts=&#8221;font_family:Montserrat%3Aregular%2C700|font_style:700%20bold%20regular%3A700%3Anormal&#8221; h4=&#8221;Need help?&#8221; h4_font_container=&#8221;font_size:30|color:%23353535|line_height:1.1&#8243; h4_google_fonts=&#8221;font_family:Montserrat%3Aregular%2C700|font_style:400%20regular%3A400%3Anormal&#8221; style=&#8221;flat&#8221; color=&#8221;white&#8221; use_custom_fonts_h2=&#8221;true&#8221; use_custom_fonts_h4=&#8221;true&#8221; el_class=&#8221;custom-page-title&#8221;]Do you&#8230;<\/p>\n","protected":false},"author":3,"featured_media":0,"parent":0,"menu_order":0,"comment_status":"closed","ping_status":"closed","template":"","meta":{"_monsterinsights_skip_tracking":false,"_monsterinsights_sitenote_active":false,"_monsterinsights_sitenote_note":"","_monsterinsights_sitenote_category":0,"footnotes":""},"class_list":["post-9746","page","type-page","status-publish","hentry"],"_links":{"self":[{"href":"https:\/\/www.confitdeprovence.fr\/en\/wp-json\/wp\/v2\/pages\/9746","targetHints":{"allow":["GET"]}}],"collection":[{"href":"https:\/\/www.confitdeprovence.fr\/en\/wp-json\/wp\/v2\/pages"}],"about":[{"href":"https:\/\/www.confitdeprovence.fr\/en\/wp-json\/wp\/v2\/types\/page"}],"author":[{"embeddable":true,"href":"https:\/\/www.confitdeprovence.fr\/en\/wp-json\/wp\/v2\/users\/3"}],"replies":[{"embeddable":true,"href":"https:\/\/www.confitdeprovence.fr\/en\/wp-json\/wp\/v2\/comments?post=9746"}],"version-history":[{"count":5,"href":"https:\/\/www.confitdeprovence.fr\/en\/wp-json\/wp\/v2\/pages\/9746\/revisions"}],"predecessor-version":[{"id":10765,"href":"https:\/\/www.confitdeprovence.fr\/en\/wp-json\/wp\/v2\/pages\/9746\/revisions\/10765"}],"wp:attachment":[{"href":"https:\/\/www.confitdeprovence.fr\/en\/wp-json\/wp\/v2\/media?parent=9746"}],"curies":[{"name":"wp","href":"https:\/\/api.w.org\/{rel}","templated":true}]}}